{"id":160,"date":"2022-06-04T08:57:43","date_gmt":"2022-06-04T08:57:43","guid":{"rendered":"https:\/\/wp.mgbrienzwiler.ch\/wordpress\/?page_id=160"},"modified":"2025-12-02T07:54:00","modified_gmt":"2025-12-02T07:54:00","slug":"kontakt","status":"publish","type":"page","link":"https:\/\/wp.mgbrienzwiler.ch\/wordpress\/musikfoerderverein\/kontakt\/","title":{"rendered":"Kontakt"},"content":{"rendered":"\n<h2 class=\"wp-block-heading\">Vorstand MFV<\/h2>\n\n\n\n<div style=\"height:72px\" aria-hidden=\"true\" class=\"wp-block-spacer\"><\/div>\n\n\n\n<p><strong>Pr\u00e4sident<\/strong><\/p>\n\n\n\n<p>Mitgliederbetreuung, Koordination Anl\u00e4sse, Sponsoren<\/p>\n\n\n\n<p>Martin Abplanalp<\/p>\n\n\n\n<p>Hormattenweg 2<\/p>\n\n\n\n<p>3856 Brienzwiler<\/p>\n\n\n\n<p>077 489 73 93<\/p>\n\n\n\n<p><a href=\"mailto:martin.abplanalp@quicknet.ch\">martin.abplanalp@quicknet.ch<\/a><\/p>\n\n\n\n<hr class=\"wp-block-separator has-css-opacity\"\/>\n\n\n\n<p><strong>Vereinsleiterin<\/strong><\/p>\n\n\n\n<p>Ansprechperson f\u00fcr alle Musiksch\u00fcler\/Eltern, Koordination Konzerte, Schnupperkurse&nbsp;<\/p>\n\n\n\n<p>Annette Jakob<\/p>\n\n\n\n<p>Dorfstrasse 22<\/p>\n\n\n\n<p>3856 Brienzwiler<\/p>\n\n\n\n<p>033 951 49 87<\/p>\n\n\n\n<p><a href=\"mailto:annette.jakob@bluewin.ch\">annette.jakob@bluewin.ch<\/a><\/p>\n\n\n\n<hr class=\"wp-block-separator has-css-opacity\"\/>\n\n\n\n<p><strong>Kassierin<\/strong><\/p>\n\n\n\n<p>R\u00fcckverg\u00fctungen Musikunterricht, Mitgliederbeitr\u00e4ge<\/p>\n\n\n\n<p>Michelle Schild-Abplanalp<\/p>\n\n\n\n<p>Brunnenstrasse 3<\/p>\n\n\n\n<p>3856 Brienzwiler<\/p>\n\n\n\n<p>078 757 52 05<\/p>\n\n\n\n<p><a href=\"mailto:michelleabpl@gmail.com\">michelleabpl@gmail.com<\/a><\/p>\n","protected":false},"excerpt":{"rendered":"<p>Vorstand MFV Pr\u00e4sident Mitgliederbetreuung, Koordination Anl\u00e4sse, Sponsoren Martin Abplanalp Hormattenweg 2 3856 Brienzwiler 077 489 73 93 martin.abplanalp@quicknet.ch Vereinsleiterin Ansprechperson f\u00fcr alle Musiksch\u00fcler\/Eltern, Koordination Konzerte, Schnupperkurse&nbsp; Annette Jakob Dorfstrasse 22&hellip; <br \/> <a class=\"read-more\" href=\"https:\/\/wp.mgbrienzwiler.ch\/wordpress\/musikfoerderverein\/kontakt\/\">Weiterlesen<\/a><\/p>\n","protected":false},"author":1,"featured_media":150,"parent":23,"menu_order":1,"comment_status":"closed","ping_status":"closed","template":"","meta":{"footnotes":""},"class_list":["post-160","page","type-page","status-publish","has-post-thumbnail","hentry"],"_links":{"self":[{"href":"https:\/\/wp.mgbrienzwiler.ch\/wordpress\/wp-json\/wp\/v2\/pages\/160","targetHints":{"allow":["GET"]}}],"collection":[{"href":"https:\/\/wp.mgbrienzwiler.ch\/wordpress\/wp-json\/wp\/v2\/pages"}],"about":[{"href":"https:\/\/wp.mgbrienzwiler.ch\/wordpress\/wp-json\/wp\/v2\/types\/page"}],"author":[{"embeddable":true,"href":"https:\/\/wp.mgbrienzwiler.ch\/wordpress\/wp-json\/wp\/v2\/users\/1"}],"replies":[{"embeddable":true,"href":"https:\/\/wp.mgbrienzwiler.ch\/wordpress\/wp-json\/wp\/v2\/comments?post=160"}],"version-history":[{"count":4,"href":"https:\/\/wp.mgbrienzwiler.ch\/wordpress\/wp-json\/wp\/v2\/pages\/160\/revisions"}],"predecessor-version":[{"id":623,"href":"https:\/\/wp.mgbrienzwiler.ch\/wordpress\/wp-json\/wp\/v2\/pages\/160\/revisions\/623"}],"up":[{"embeddable":true,"href":"https:\/\/wp.mgbrienzwiler.ch\/wordpress\/wp-json\/wp\/v2\/pages\/23"}],"wp:featuredmedia":[{"embeddable":true,"href":"https:\/\/wp.mgbrienzwiler.ch\/wordpress\/wp-json\/wp\/v2\/media\/150"}],"wp:attachment":[{"href":"https:\/\/wp.mgbrienzwiler.ch\/wordpress\/wp-json\/wp\/v2\/media?parent=160"}],"curies":[{"name":"wp","href":"https:\/\/api.w.org\/{rel}","templated":true}]}}