{"id":23,"date":"2022-03-17T16:50:41","date_gmt":"2022-03-17T16:50:41","guid":{"rendered":"https:\/\/wp.mgbrienzwiler.ch\/wordpress\/?page_id=23"},"modified":"2023-01-09T23:23:27","modified_gmt":"2023-01-09T23:23:27","slug":"musikfoerderverein","status":"publish","type":"page","link":"https:\/\/wp.mgbrienzwiler.ch\/wordpress\/musikfoerderverein\/","title":{"rendered":"Musikf\u00f6rderverein"},"content":{"rendered":"\n<h2 class=\"wp-block-heading\">\u00dcber uns<\/h2>\n\n\n\n<p>Der Musikf\u00f6rderverein Brienzwiler erm\u00f6glicht interessierten Kindern, Jugendlichen und Erwachsenen aus der Region eine solide Ausbildung auf Blas-, Tasten-, Seiten- und Schlaginstrumenten.<\/p>\n\n\n\n<p>Der Verein wurde im Jahr 1986 als Musikschule Brienzwiler gegr\u00fcndet, weil die Nachwuchs-Ausbildung immer h\u00f6here Anspr\u00fcche stellte und durch die Musikgesellschaft Brienzwiler nicht mehr in vollem Masse durchgef\u00fchrt werden konnte.<\/p>\n\n\n\n<p>Im Jahr 2007 wurde der Verein umbenannt in Musikf\u00f6rderverein Brienzwiler, da wir keine Musiklehrer angestellt haben, sondern als Vermittler arbeiten f\u00fcr Musiklehrersuche, Organisieren von Konzerten und Auftritten, sowie den Musikunterricht finanziell zu unterst\u00fctzen.<\/p>\n\n\n\n<p>Wir arbeiten mit der MSO Musikschule Oberland Ost und sehr guten Amateurmusikern zusammen.<\/p>\n\n\n\n<p>Bei unserer Beginner Band k\u00f6nnen die Musiksch\u00fcler bereits nach kurzer Zeit mitspielen und so das Zusammenspiel in einer Gruppe \u00fcben.<\/p>\n","protected":false},"excerpt":{"rendered":"<p>\u00dcber uns Der Musikf\u00f6rderverein Brienzwiler erm\u00f6glicht interessierten Kindern, Jugendlichen und Erwachsenen aus der Region eine solide Ausbildung auf Blas-, Tasten-, Seiten- und Schlaginstrumenten. Der Verein wurde im Jahr 1986 als&hellip; <br \/> <a class=\"read-more\" href=\"https:\/\/wp.mgbrienzwiler.ch\/wordpress\/musikfoerderverein\/\">Weiterlesen<\/a><\/p>\n","protected":false},"author":1,"featured_media":150,"parent":0,"menu_order":0,"comment_status":"closed","ping_status":"closed","template":"","meta":{"footnotes":""},"class_list":["post-23","page","type-page","status-publish","has-post-thumbnail","hentry"],"_links":{"self":[{"href":"https:\/\/wp.mgbrienzwiler.ch\/wordpress\/wp-json\/wp\/v2\/pages\/23","targetHints":{"allow":["GET"]}}],"collection":[{"href":"https:\/\/wp.mgbrienzwiler.ch\/wordpress\/wp-json\/wp\/v2\/pages"}],"about":[{"href":"https:\/\/wp.mgbrienzwiler.ch\/wordpress\/wp-json\/wp\/v2\/types\/page"}],"author":[{"embeddable":true,"href":"https:\/\/wp.mgbrienzwiler.ch\/wordpress\/wp-json\/wp\/v2\/users\/1"}],"replies":[{"embeddable":true,"href":"https:\/\/wp.mgbrienzwiler.ch\/wordpress\/wp-json\/wp\/v2\/comments?post=23"}],"version-history":[{"count":3,"href":"https:\/\/wp.mgbrienzwiler.ch\/wordpress\/wp-json\/wp\/v2\/pages\/23\/revisions"}],"predecessor-version":[{"id":248,"href":"https:\/\/wp.mgbrienzwiler.ch\/wordpress\/wp-json\/wp\/v2\/pages\/23\/revisions\/248"}],"wp:featuredmedia":[{"embeddable":true,"href":"https:\/\/wp.mgbrienzwiler.ch\/wordpress\/wp-json\/wp\/v2\/media\/150"}],"wp:attachment":[{"href":"https:\/\/wp.mgbrienzwiler.ch\/wordpress\/wp-json\/wp\/v2\/media?parent=23"}],"curies":[{"name":"wp","href":"https:\/\/api.w.org\/{rel}","templated":true}]}}