{"id":25,"date":"2022-03-17T16:51:10","date_gmt":"2022-03-17T16:51:10","guid":{"rendered":"https:\/\/wp.mgbrienzwiler.ch\/wordpress\/?page_id=25"},"modified":"2023-01-23T06:29:15","modified_gmt":"2023-01-23T06:29:15","slug":"unser-verein","status":"publish","type":"page","link":"https:\/\/wp.mgbrienzwiler.ch\/wordpress\/unser-verein\/","title":{"rendered":"Das sind wir"},"content":{"rendered":"\n<p>Wir sind 35 Mitglieder, spielen in Harmoniebesetzung (3. Klasse) und verf\u00fcgen \u00fcber ein sehr breites Repertoire. Unsere Literatur reicht von traditioneller Marschmusik \u00fcber Polka, Walzer bis hin zu Klassik, Filmmusik, Rock, Pop und Jazz. Wir haben zahlreiche Solistinnen und Solisten in unseren Reihen. Unsere Konzertprogramme k\u00f6nnen wir bei gen\u00fcgend Vorlaufzeit den verschiedensten Anl\u00e4ssen anpassen.<\/p>\n\n\n\n<p>Wir proben jeweils am Donnerstag von 20.00 &#8211; 22.00 Uhr im B\u00e4ren; vor wichtigen Konzerten zus\u00e4tzlich am Dienstag.<\/p>\n\n\n\n<p>M\u00f6chten Sie bei uns mitspielen?<\/p>\n\n\n\n<p>Nehmen Sie ungeniert mit uns Kontakt auf:<\/p>\n\n\n\n<p>Dirigent:<\/p>\n\n\n\n<p>Alfred Fischer&nbsp;&nbsp;&nbsp;&nbsp;&nbsp;&nbsp;&nbsp;&nbsp;&nbsp;&nbsp; <a href=\"mailto:fredel.fischer@bluewin.ch\" data-type=\"mailto\" data-id=\"mailto:fredel.fischer@bluewin.ch\">fredel.fischer@bluewin.ch<\/a><\/p>\n\n\n\n<p>Pr\u00e4sident:<\/p>\n\n\n\n<p>Daniel Schild&nbsp;&nbsp;&nbsp;&nbsp;&nbsp;&nbsp;&nbsp;&nbsp;&nbsp;&nbsp;&nbsp; <a href=\"mailto:daniel.schild@quicknet.ch\" data-type=\"mailto\" data-id=\"mailto:daniel.schild@quicknet.ch\">daniel.schild@quicknet.ch<\/a><\/p>\n","protected":false},"excerpt":{"rendered":"<p>Wir sind 35 Mitglieder, spielen in Harmoniebesetzung (3. Klasse) und verf\u00fcgen \u00fcber ein sehr breites Repertoire. Unsere Literatur reicht von traditioneller Marschmusik \u00fcber Polka, Walzer bis hin zu Klassik, Filmmusik,&hellip; <br \/> <a class=\"read-more\" href=\"https:\/\/wp.mgbrienzwiler.ch\/wordpress\/unser-verein\/\">Weiterlesen<\/a><\/p>\n","protected":false},"author":1,"featured_media":316,"parent":0,"menu_order":0,"comment_status":"closed","ping_status":"closed","template":"","meta":{"footnotes":""},"class_list":["post-25","page","type-page","status-publish","has-post-thumbnail","hentry"],"_links":{"self":[{"href":"https:\/\/wp.mgbrienzwiler.ch\/wordpress\/wp-json\/wp\/v2\/pages\/25","targetHints":{"allow":["GET"]}}],"collection":[{"href":"https:\/\/wp.mgbrienzwiler.ch\/wordpress\/wp-json\/wp\/v2\/pages"}],"about":[{"href":"https:\/\/wp.mgbrienzwiler.ch\/wordpress\/wp-json\/wp\/v2\/types\/page"}],"author":[{"embeddable":true,"href":"https:\/\/wp.mgbrienzwiler.ch\/wordpress\/wp-json\/wp\/v2\/users\/1"}],"replies":[{"embeddable":true,"href":"https:\/\/wp.mgbrienzwiler.ch\/wordpress\/wp-json\/wp\/v2\/comments?post=25"}],"version-history":[{"count":6,"href":"https:\/\/wp.mgbrienzwiler.ch\/wordpress\/wp-json\/wp\/v2\/pages\/25\/revisions"}],"predecessor-version":[{"id":355,"href":"https:\/\/wp.mgbrienzwiler.ch\/wordpress\/wp-json\/wp\/v2\/pages\/25\/revisions\/355"}],"wp:featuredmedia":[{"embeddable":true,"href":"https:\/\/wp.mgbrienzwiler.ch\/wordpress\/wp-json\/wp\/v2\/media\/316"}],"wp:attachment":[{"href":"https:\/\/wp.mgbrienzwiler.ch\/wordpress\/wp-json\/wp\/v2\/media?parent=25"}],"curies":[{"name":"wp","href":"https:\/\/api.w.org\/{rel}","templated":true}]}}