{"id":31,"date":"2022-03-17T16:52:28","date_gmt":"2022-03-17T16:52:28","guid":{"rendered":"https:\/\/wp.mgbrienzwiler.ch\/wordpress\/?page_id=31"},"modified":"2023-01-09T23:23:55","modified_gmt":"2023-01-09T23:23:55","slug":"ausbildung","status":"publish","type":"page","link":"https:\/\/wp.mgbrienzwiler.ch\/wordpress\/ausbildung\/","title":{"rendered":"Ausbildung"},"content":{"rendered":"\n<h2 class=\"wp-block-heading\">Ausbildung:<\/h2>\n\n\n\n<p>Fr\u00fcher f\u00fchrten Mitglieder der Musikgesellschaft regelm\u00e4ssig Anf\u00e4ngerkurse durch und bildeten Kinder zu angehenden Musikanten\/-innen aus.<\/p>\n\n\n\n<p>Heute beginnt die Ausbildung im Einzelunterricht durch erfahrene Musiklehrer\/-innen.<\/p>\n\n\n\n<p>F\u00fcr Interessierte gibt der <strong>Musikf\u00f6rderverein <\/strong>kompetent Auskunft. Sch\u00fclerinnen und Sch\u00fcler, Eltern und auch die Musikgesellschaft profitieren in hohem Masse vom <strong>Musikf\u00f6rderverein <\/strong>Brienzwiler.<\/p>\n\n\n\n<h2 class=\"wp-block-heading\">Auskunft:<\/h2>\n\n\n\n<p><strong>Vereinsleiterin:<\/strong><\/p>\n\n\n\n<p>Ansprechperson f\u00fcr alle Musiksch\u00fcler\/-innen und Eltern; Koordination Konzerte, Schnupperkurse.<\/p>\n\n\n\n<p><strong>Annette Jakob<\/strong><\/p>\n\n\n\n<p>Dorfstrasse 22<\/p>\n\n\n\n<p>3856 Brienzwiler<\/p>\n\n\n\n<p>033 951 49 87<\/p>\n\n\n\n<p><a href=\"mailto:annette.jakob@bluewin.ch\">annette.jakob@bluewin.ch<\/a><\/p>\n\n\n\n<p><strong>Pr\u00e4sident:<\/strong><\/p>\n\n\n\n<p>Martin Abplanalp<\/p>\n\n\n\n<p>Hormattenweg 2<\/p>\n\n\n\n<p>3856 Brienzwiler<\/p>\n\n\n\n<p>077 789 73 93<\/p>\n\n\n\n<p><a href=\"mailto:martin.abplanalp@quicknet.ch\">martin.abplanalp@quicknet.ch<\/a><\/p>\n","protected":false},"excerpt":{"rendered":"<p>Ausbildung: Fr\u00fcher f\u00fchrten Mitglieder der Musikgesellschaft regelm\u00e4ssig Anf\u00e4ngerkurse durch und bildeten Kinder zu angehenden Musikanten\/-innen aus. Heute beginnt die Ausbildung im Einzelunterricht durch erfahrene Musiklehrer\/-innen. F\u00fcr Interessierte gibt der Musikf\u00f6rderverein&hellip; <br \/> <a class=\"read-more\" href=\"https:\/\/wp.mgbrienzwiler.ch\/wordpress\/ausbildung\/\">Weiterlesen<\/a><\/p>\n","protected":false},"author":1,"featured_media":150,"parent":0,"menu_order":0,"comment_status":"closed","ping_status":"closed","template":"","meta":{"footnotes":""},"class_list":["post-31","page","type-page","status-publish","has-post-thumbnail","hentry"],"_links":{"self":[{"href":"https:\/\/wp.mgbrienzwiler.ch\/wordpress\/wp-json\/wp\/v2\/pages\/31","targetHints":{"allow":["GET"]}}],"collection":[{"href":"https:\/\/wp.mgbrienzwiler.ch\/wordpress\/wp-json\/wp\/v2\/pages"}],"about":[{"href":"https:\/\/wp.mgbrienzwiler.ch\/wordpress\/wp-json\/wp\/v2\/types\/page"}],"author":[{"embeddable":true,"href":"https:\/\/wp.mgbrienzwiler.ch\/wordpress\/wp-json\/wp\/v2\/users\/1"}],"replies":[{"embeddable":true,"href":"https:\/\/wp.mgbrienzwiler.ch\/wordpress\/wp-json\/wp\/v2\/comments?post=31"}],"version-history":[{"count":4,"href":"https:\/\/wp.mgbrienzwiler.ch\/wordpress\/wp-json\/wp\/v2\/pages\/31\/revisions"}],"predecessor-version":[{"id":263,"href":"https:\/\/wp.mgbrienzwiler.ch\/wordpress\/wp-json\/wp\/v2\/pages\/31\/revisions\/263"}],"wp:featuredmedia":[{"embeddable":true,"href":"https:\/\/wp.mgbrienzwiler.ch\/wordpress\/wp-json\/wp\/v2\/media\/150"}],"wp:attachment":[{"href":"https:\/\/wp.mgbrienzwiler.ch\/wordpress\/wp-json\/wp\/v2\/media?parent=31"}],"curies":[{"name":"wp","href":"https:\/\/api.w.org\/{rel}","templated":true}]}}