{"id":5,"date":"2022-03-16T19:13:00","date_gmt":"2022-03-16T19:13:00","guid":{"rendered":"https:\/\/wp.mgbrienzwiler.ch\/wordpress\/mesmerize\/"},"modified":"2026-03-26T16:52:28","modified_gmt":"2026-03-26T16:52:28","slug":"mesmerize","status":"publish","type":"page","link":"https:\/\/wp.mgbrienzwiler.ch\/wordpress\/","title":{"rendered":"Front Page"},"content":{"rendered":"<div  data-label=\"Content\" data-id=\"content--1\" data-export-id=\"content-7\" data-category=\"content\" class=\"content-7 content-section content-section-spacing\" id=\"content-1\" style=\"background-color: rgb(255, 255, 255);\"><div  class=\"gridContainer\"> <div  class=\"row middle-sm\"><div  class=\"col-sm-6 space-bottom-xs\" data-type=\"column\"> <h2  class=\"\">Vielen Dank f\u00fcr die langj\u00e4hrige Unterst\u00fctzung!<\/h2>  <a  class=\"button color1\" href=\"https:\/\/wp.mgbrienzwiler.ch\/wordpress\/sponsoren\" target=\"_self\" data-cp-link=\"1\" rel=\"noopener\">Weitere Sponsoren<\/a><\/div> <div  class=\"col-sm-6\" data-type=\"column\"> <img  decoding=\"async\" class=\"\" src=\"https:\/\/wp.mgbrienzwiler.ch\/wordpress\/wp-content\/uploads\/2024\/08\/Lotteriefonds.png\" title=\"Lotteriefonds\" alt=\"\"><\/div> <\/div><\/div> <\/div><div  data-label=\"Anlaesse\" data-id=\"features--1\" data-export-id=\"features-13-card-bordered\" data-category=\"features\" class=\"features-13 content-section content-section-spacing\" id=\"anlaesse\" style=\"background-color: rgb(245, 250, 253); background-image: none;\"><div  class=\"gridContainer\"> <div  class=\"row text-center\"><div  class=\"section-title-col\" data-type=\"column\"> <h2  class=\"\">Anl\u00e4sse<\/h2> <p  class=\"lead\">Die n\u00e4chsten Anl\u00e4sse, an denen Sie uns sehen und h\u00f6ren k\u00f6nnen:<\/p><\/div> <\/div> <div  class=\"row spaced-cols content-center-sm center-sm\" data-type=\"row\">  <div  class=\"col-sm-4 col-md-4 \"> <div  class=\"card bordered y-move\" data-type=\"column\">  <h4  class=\"\">Fr\u00fchlingskonzert<\/h4>  <p  class=\"\">Fr.&amp;Sa. 17.&amp;18. April 2026<br >20:15 Uhr<br >Mehrzweckhalle Brienzwiler<\/p><a class=\"link\"  href=\"https:\/\/wp.mgbrienzwiler.ch\/wordpress\/wp-content\/uploads\/2026\/03\/26-0209_Fruehlingskonzert_2026_GzD.pdf\" target=\"_blank\" data-cp-link=\"1\">Flyer<\/a><\/div> <\/div> <div  class=\"col-sm-4 col-md-4\"> <div  class=\"card bordered y-move\" data-type=\"column\">  <h4  class=\"\">Vorbereitungskonzert<\/h4> <p  class=\"\">Sa. 3. Mai 2026<br >09:30 Uhr<br >Thun<\/p> <\/div> <\/div><div  class=\"col-sm-4 col-md-4\"> <div  class=\"card bordered y-move\" data-type=\"column\">  <h4  class=\"\">Motf. Denkmal-Feier<\/h4> <p  class=\"\">Do. 14. Mai 2026<br >10:30 Uhr<br >Br\u00fcnig<\/p> <\/div> <\/div><div  class=\"col-sm-4 col-md-4\"> <div  class=\"card bordered y-move\" data-type=\"column\">    <a  class=\"button blue\" href=\"https:\/\/wp.mgbrienzwiler.ch\/wordpress\/anlaesse\" target=\"_self\" data-cp-link=\"1\">Alle Anl\u00e4sse<\/a><\/div> <\/div><\/div> <\/div><\/div>","protected":false},"excerpt":{"rendered":"<p>Vielen Dank f\u00fcr die langj\u00e4hrige Unterst\u00fctzung! Weitere Sponsoren Anl\u00e4sse Die n\u00e4chsten Anl\u00e4sse, an denen Sie uns sehen und h\u00f6ren k\u00f6nnen: Fr\u00fchlingskonzert Fr.&amp;Sa. 17.&amp;18. April 202620:15 UhrMehrzweckhalle BrienzwilerFlyer Vorbereitungskonzert Sa. 3.&hellip; <br \/> <a class=\"read-more\" href=\"https:\/\/wp.mgbrienzwiler.ch\/wordpress\/\">Weiterlesen<\/a><\/p>\n","protected":false},"author":1,"featured_media":0,"parent":0,"menu_order":0,"comment_status":"closed","ping_status":"closed","template":"page-templates\/homepage.php","meta":{"footnotes":""},"class_list":["post-5","page","type-page","status-publish","hentry"],"_links":{"self":[{"href":"https:\/\/wp.mgbrienzwiler.ch\/wordpress\/wp-json\/wp\/v2\/pages\/5","targetHints":{"allow":["GET"]}}],"collection":[{"href":"https:\/\/wp.mgbrienzwiler.ch\/wordpress\/wp-json\/wp\/v2\/pages"}],"about":[{"href":"https:\/\/wp.mgbrienzwiler.ch\/wordpress\/wp-json\/wp\/v2\/types\/page"}],"author":[{"embeddable":true,"href":"https:\/\/wp.mgbrienzwiler.ch\/wordpress\/wp-json\/wp\/v2\/users\/1"}],"replies":[{"embeddable":true,"href":"https:\/\/wp.mgbrienzwiler.ch\/wordpress\/wp-json\/wp\/v2\/comments?post=5"}],"version-history":[{"count":64,"href":"https:\/\/wp.mgbrienzwiler.ch\/wordpress\/wp-json\/wp\/v2\/pages\/5\/revisions"}],"predecessor-version":[{"id":677,"href":"https:\/\/wp.mgbrienzwiler.ch\/wordpress\/wp-json\/wp\/v2\/pages\/5\/revisions\/677"}],"wp:attachment":[{"href":"https:\/\/wp.mgbrienzwiler.ch\/wordpress\/wp-json\/wp\/v2\/media?parent=5"}],"curies":[{"name":"wp","href":"https:\/\/api.w.org\/{rel}","templated":true}]}}