{"id":69,"date":"2022-05-12T09:14:06","date_gmt":"2022-05-12T09:14:06","guid":{"rendered":"https:\/\/wp.mgbrienzwiler.ch\/wordpress\/?page_id=69"},"modified":"2023-01-23T06:31:23","modified_gmt":"2023-01-23T06:31:23","slug":"wir-spielen-fuer-sie","status":"publish","type":"page","link":"https:\/\/wp.mgbrienzwiler.ch\/wordpress\/wir-spielen-fuer-sie\/","title":{"rendered":"Wir spielen f\u00fcr Sie"},"content":{"rendered":"\n<p>Nebst dem traditionellen Fr\u00fchlingskonzert besuchen wir regionale, kantonale und nationale Musikfeste, geben viele Platzkonzerte und sehr gerne und mit viel Erfolg Unterhaltungskonzerte bei Jubil\u00e4en, Generalversammlungen, Firmenanl\u00e4ssen etc.<\/p>\n\n\n\n<p>M\u00f6chten Sie uns engagieren? Wir spielen gerne f\u00fcr Sie!<\/p>\n\n\n\n<p>Nehmen Sie ungeniert mit uns Kontakt auf:<\/p>\n\n\n\n<p>Dirigent:<\/p>\n\n\n\n<p>Alfred Fischer&nbsp;&nbsp;&nbsp;&nbsp;&nbsp;&nbsp;&nbsp;&nbsp;&nbsp;&nbsp; <a href=\"mailto:fredel.fischer@bluewin.ch\" data-type=\"mailto\" data-id=\"mailto:fredel.fischer@bluewin.ch\">fredel.fischer@bluewin.ch<\/a><\/p>\n\n\n\n<p>Pr\u00e4sident:<\/p>\n\n\n\n<p>Daniel Schild&nbsp;&nbsp;&nbsp;&nbsp;&nbsp;&nbsp;&nbsp;&nbsp;&nbsp;&nbsp;&nbsp; <a href=\"mailto:daniel.schild@quicknet.ch\" data-type=\"mailto\" data-id=\"mailto:daniel.schild@quicknet.ch\">daniel.schild@quicknet.ch<\/a><\/p>\n","protected":false},"excerpt":{"rendered":"<p>Nebst dem traditionellen Fr\u00fchlingskonzert besuchen wir regionale, kantonale und nationale Musikfeste, geben viele Platzkonzerte und sehr gerne und mit viel Erfolg Unterhaltungskonzerte bei Jubil\u00e4en, Generalversammlungen, Firmenanl\u00e4ssen etc. M\u00f6chten Sie uns&hellip; <br \/> <a class=\"read-more\" href=\"https:\/\/wp.mgbrienzwiler.ch\/wordpress\/wir-spielen-fuer-sie\/\">Weiterlesen<\/a><\/p>\n","protected":false},"author":1,"featured_media":316,"parent":0,"menu_order":0,"comment_status":"closed","ping_status":"closed","template":"","meta":{"footnotes":""},"class_list":["post-69","page","type-page","status-publish","has-post-thumbnail","hentry"],"_links":{"self":[{"href":"https:\/\/wp.mgbrienzwiler.ch\/wordpress\/wp-json\/wp\/v2\/pages\/69","targetHints":{"allow":["GET"]}}],"collection":[{"href":"https:\/\/wp.mgbrienzwiler.ch\/wordpress\/wp-json\/wp\/v2\/pages"}],"about":[{"href":"https:\/\/wp.mgbrienzwiler.ch\/wordpress\/wp-json\/wp\/v2\/types\/page"}],"author":[{"embeddable":true,"href":"https:\/\/wp.mgbrienzwiler.ch\/wordpress\/wp-json\/wp\/v2\/users\/1"}],"replies":[{"embeddable":true,"href":"https:\/\/wp.mgbrienzwiler.ch\/wordpress\/wp-json\/wp\/v2\/comments?post=69"}],"version-history":[{"count":5,"href":"https:\/\/wp.mgbrienzwiler.ch\/wordpress\/wp-json\/wp\/v2\/pages\/69\/revisions"}],"predecessor-version":[{"id":356,"href":"https:\/\/wp.mgbrienzwiler.ch\/wordpress\/wp-json\/wp\/v2\/pages\/69\/revisions\/356"}],"wp:featuredmedia":[{"embeddable":true,"href":"https:\/\/wp.mgbrienzwiler.ch\/wordpress\/wp-json\/wp\/v2\/media\/316"}],"wp:attachment":[{"href":"https:\/\/wp.mgbrienzwiler.ch\/wordpress\/wp-json\/wp\/v2\/media?parent=69"}],"curies":[{"name":"wp","href":"https:\/\/api.w.org\/{rel}","templated":true}]}}