{"id":71,"date":"2022-05-12T09:14:27","date_gmt":"2022-05-12T09:14:27","guid":{"rendered":"https:\/\/wp.mgbrienzwiler.ch\/wordpress\/?page_id=71"},"modified":"2023-01-23T06:31:05","modified_gmt":"2023-01-23T06:31:05","slug":"unterstuetzung","status":"publish","type":"page","link":"https:\/\/wp.mgbrienzwiler.ch\/wordpress\/unterstuetzung\/","title":{"rendered":"Unterst\u00fctzung"},"content":{"rendered":"\n<p>Wenn Sie uns gerne unterst\u00fctzen m\u00f6chten, stehen Ihnen folgende M\u00f6glichkeiten zur Verf\u00fcgung:<\/p>\n\n\n\n<ul class=\"wp-block-list\"><li>Aktivmitglied<\/li><li>Passivmitglied<\/li><li>Programm-Sponsor\/-in<\/li><li>Musikst\u00fcck-Spender\/-in<\/li><li>G\u00f6nner\/-in<\/li><\/ul>\n\n\n\n<p>Wir freuen uns auf Ihre Kontaktaufnahme!<\/p>\n\n\n\n<p>MG Brienzwiler<br>Daniel Schild, Pr\u00e4sident<br>Brunnenstrasse 9<br>3856 Brienzwiler<br><br>079 769 19 45<br><a href=\"mailto:daniel.schild@quicknet.ch\" data-type=\"mailto\" data-id=\"mailto:daniel.schild@quicknet.ch\">daniel.schild@quicknet.ch<\/a><\/p>\n","protected":false},"excerpt":{"rendered":"<p>Wenn Sie uns gerne unterst\u00fctzen m\u00f6chten, stehen Ihnen folgende M\u00f6glichkeiten zur Verf\u00fcgung: Aktivmitglied Passivmitglied Programm-Sponsor\/-in Musikst\u00fcck-Spender\/-in G\u00f6nner\/-in Wir freuen uns auf Ihre Kontaktaufnahme! MG BrienzwilerDaniel Schild, Pr\u00e4sidentBrunnenstrasse 93856 Brienzwiler 079&hellip; <br \/> <a class=\"read-more\" href=\"https:\/\/wp.mgbrienzwiler.ch\/wordpress\/unterstuetzung\/\">Weiterlesen<\/a><\/p>\n","protected":false},"author":1,"featured_media":316,"parent":0,"menu_order":0,"comment_status":"closed","ping_status":"closed","template":"","meta":{"footnotes":""},"class_list":["post-71","page","type-page","status-publish","has-post-thumbnail","hentry"],"_links":{"self":[{"href":"https:\/\/wp.mgbrienzwiler.ch\/wordpress\/wp-json\/wp\/v2\/pages\/71","targetHints":{"allow":["GET"]}}],"collection":[{"href":"https:\/\/wp.mgbrienzwiler.ch\/wordpress\/wp-json\/wp\/v2\/pages"}],"about":[{"href":"https:\/\/wp.mgbrienzwiler.ch\/wordpress\/wp-json\/wp\/v2\/types\/page"}],"author":[{"embeddable":true,"href":"https:\/\/wp.mgbrienzwiler.ch\/wordpress\/wp-json\/wp\/v2\/users\/1"}],"replies":[{"embeddable":true,"href":"https:\/\/wp.mgbrienzwiler.ch\/wordpress\/wp-json\/wp\/v2\/comments?post=71"}],"version-history":[{"count":5,"href":"https:\/\/wp.mgbrienzwiler.ch\/wordpress\/wp-json\/wp\/v2\/pages\/71\/revisions"}],"predecessor-version":[{"id":259,"href":"https:\/\/wp.mgbrienzwiler.ch\/wordpress\/wp-json\/wp\/v2\/pages\/71\/revisions\/259"}],"wp:featuredmedia":[{"embeddable":true,"href":"https:\/\/wp.mgbrienzwiler.ch\/wordpress\/wp-json\/wp\/v2\/media\/316"}],"wp:attachment":[{"href":"https:\/\/wp.mgbrienzwiler.ch\/wordpress\/wp-json\/wp\/v2\/media?parent=71"}],"curies":[{"name":"wp","href":"https:\/\/api.w.org\/{rel}","templated":true}]}}